{"id":10188,"date":"2020-06-24T17:54:28","date_gmt":"2020-06-24T20:54:28","guid":{"rendered":"http:\/\/ipv.salta.gov.ar\/?page_id=10188"},"modified":"2022-08-02T12:43:20","modified_gmt":"2022-08-02T15:43:20","slug":"plan-provincial-mi-lote","status":"publish","type":"page","link":"http:\/\/ipv.salta.gov.ar\/?page_id=10188","title":{"rendered":"Plan Provincial Mi Lote"},"content":{"rendered":"<p class=\"has-medium-font-size\">REQUISITOS IMPRESCINDIBLE PARA INSCRIPCI\u00d3N <a>PLAN<br \/>\nPROVINCIAL MI LOTE<\/a><\/p>\n<ul>\n<li>Ser mayor de edad. <\/li>\n<li>Ser argentino nativo o por opci\u00f3n (\u00danicamente los titulares de Ia ficha social).<\/li>\n<li>Poseer grupo familiar estable de personas convivientes, unidas entre s\u00ed por relaci\u00f3n de pareja (legales o de hecho), consangu\u00edneos en l\u00ednea directa descendente o ascendente de primer grado. <\/li>\n<li>Adem\u00e1s podr\u00e1n constituir grupo familiar aquellas personas unidas entre s\u00ed por lazos consangu\u00edneos colaterales de primer grado (hermanos), mayores de 40 (cuarenta a\u00f1os), siempre que acrediten su convivencia y residencia bajo el mismo techo en forma permanente y cuyo estado civil fuere: solteros, viudos o divorciados. <\/li>\n<li>Acreditar residencia en Ia localidad donde se solicita el lote de inter\u00e9s social, debiendo estar asentado en el Documento Nacional de Identidad del solicitante y de todos los integrantes del grupo familiar declarado.<\/li>\n<li>No resultar titular, cotitular y\/o usufructuario de un inmueble, comprador por boleto de compra venta y\/o cesionario de derechos y acciones hereditarias y\/o posesorios de bienes inmuebles situadas en el territorio de Ia Naci\u00f3n. <\/li>\n<li>&nbsp;No haber sido, ninguno de los miembros del grupo familiar, beneficiario en forma efectiva coma titular a cesionario, de ning\u00fan plan, programa a beneficio del estado nacional, provincial, municipal de acceso a lote o vivienda. Queda exceptuado \u00fanicamente el supuesto en que el postulante acredite haber formado otro grupo familiar con menores a cargo.<\/li>\n<\/ul>\n<p class=\"has-medium-font-size\">DOCUMENTACI\u00d3N A PRESENTAR PARA LA INSCRIPCI\u00d3N PLAN<br \/>\nPROVINCIAL MI LOTE<\/p>\n<ul>\n<li>Fotocopia del Documento Nacional de ldentidad de todos los integrantes del grupo familiar a declarar, debiendo presentarse los originales, para su verificaci\u00f3n al momento de Ia inscripci\u00f3n. <\/li>\n<li>Partidas de nacimiento de todo el grupo familiar (actualizadas en el caso de modificaciones).<\/li>\n<li>&nbsp;Los v\u00ednculos de matrimonio y uni\u00f3n convivencial, se acreditar\u00e1n mediante presentaci\u00f3n de las correspondientes actas actualizadas, en un plazo no mayor de 6 (seis) meses de emitidas par Ia Direcci\u00f3n General del Registro del Estado Civil y Capacidad de las Personas. <\/li>\n<li>Las uniones de hecho se acreditar\u00e1n con Ia presentaci\u00f3n de las partidas de nacimiento de los hijos habidos de dicha uni\u00f3n. <\/li>\n<li>En los supuestos de uniones de hecho sin hijos en com\u00fan, deber\u00e1 presentarse el acta de Uni\u00f3n Convivencial expedida por Ia Direcci\u00f3n General del Registro del Estado Civil y Capacidad de las Personas. <\/li>\n<li>En el supuesto de titular solo, con hijos reconocidos por ambos progenitores, deber\u00e1 presentarse constancia que acredite el Cuidado Personal Indistinto a Unilateral acreditando que el\/los hijos residen de manera principal en el domicilio de quien se inscribe, otorgada por Juez competente.<\/li>\n<li>En el supuesto de titular viudo, se deber\u00e1 presentar acta de Matrimonio y certificado de Defunci\u00f3n del c\u00f3nyuge. <\/li>\n<li>En las solicitudes formuladas par titular divorciado, el estado civil se acreditar\u00e1 mediante presentaci\u00f3n de Ia Sentencia de Divorcio. En el supuesto de constatarse inmuebles de car\u00e1cter ganancial, el postulante deber\u00e1 demostrar que no le fueron adjudicados en Ia divisi\u00f3n de bienes. <\/li>\n<li>Los ingresos se acreditar\u00e1n en forma verificable o formularios de AFIP, con Ia presentaci\u00f3n de recibo de haberes percibidos y\/o declaraci\u00f3n jurada de ingresos m\u00ednimos. <\/li>\n<li>&nbsp;Si alguno de los integrantes del grupo familiar a declarar padeciere de discapacidad o enfermedad grave, se deber\u00e1 presentar Certificado expedido por Ia Secretaria de Discapacidad y Pol\u00edticas Inclusivas (C.U.D.), especificando el grado de discapacidad, con el fin de determinar Ia admisibilidad en el padr\u00f3n de discapacitados. <\/li>\n<li>Certificado original de Residencia y Convivencia expedido por Ia Seccional Policial correspondiente, de no m\u00e1s de dos meses de expedido, a los fines de determinar el domicilio real del grupo familiar, con n\u00famero de catastro y\/o propietario, dej\u00e1ndose expresamente establecido que en \u00e9l se realizar\u00e1n y ser\u00e1n v\u00e1lidas todas las notificaciones que el I.P.V. remitiere a los interesados. <\/li>\n<li>A los fines de acreditar Ia calidad de inquilino, el solicitante exhibir\u00e1 el original del contrato de alquiler y presentar\u00e1 el \u00faltimo recibo abonado. <\/li>\n<li>Certificado de escolaridad de los menores inscriptos a partir de los 4 a\u00f1os. <\/li>\n<li>Y toda otra documentaci\u00f3n que a criterio del Organismo fuere necesaria con el fin de constatar Ia veracidad de lo declarado.<\/li>\n<\/ul>\n","protected":false},"excerpt":{"rendered":"<p>REQUISITOS IMPRESCINDIBLE PARA INSCRIPCI\u00d3N PLAN PROVINCIAL MI LOTE Ser mayor de edad. Ser argentino nativo o por opci\u00f3n (\u00danicamente los titulares de Ia ficha social). Poseer grupo familiar estable de personas convivientes, unidas entre s\u00ed por relaci\u00f3n de pareja (legales o de hecho), consangu\u00edneos en l\u00ednea directa descendente o ascendente de primer grado. Adem\u00e1s podr\u00e1n [&hellip;]<\/p>\n","protected":false},"author":1,"featured_media":0,"parent":0,"menu_order":0,"comment_status":"closed","ping_status":"closed","template":"","meta":{"footnotes":""},"_links":{"self":[{"href":"http:\/\/ipv.salta.gov.ar\/index.php?rest_route=\/wp\/v2\/pages\/10188"}],"collection":[{"href":"http:\/\/ipv.salta.gov.ar\/index.php?rest_route=\/wp\/v2\/pages"}],"about":[{"href":"http:\/\/ipv.salta.gov.ar\/index.php?rest_route=\/wp\/v2\/types\/page"}],"author":[{"embeddable":true,"href":"http:\/\/ipv.salta.gov.ar\/index.php?rest_route=\/wp\/v2\/users\/1"}],"replies":[{"embeddable":true,"href":"http:\/\/ipv.salta.gov.ar\/index.php?rest_route=%2Fwp%2Fv2%2Fcomments&post=10188"}],"version-history":[{"count":5,"href":"http:\/\/ipv.salta.gov.ar\/index.php?rest_route=\/wp\/v2\/pages\/10188\/revisions"}],"predecessor-version":[{"id":12370,"href":"http:\/\/ipv.salta.gov.ar\/index.php?rest_route=\/wp\/v2\/pages\/10188\/revisions\/12370"}],"wp:attachment":[{"href":"http:\/\/ipv.salta.gov.ar\/index.php?rest_route=%2Fwp%2Fv2%2Fmedia&parent=10188"}],"curies":[{"name":"wp","href":"https:\/\/api.w.org\/{rel}","templated":true}]}}