{"id":6644,"date":"2015-09-23T10:54:21","date_gmt":"2015-09-23T13:54:21","guid":{"rendered":"http:\/\/ipv.salta.gov.ar\/?page_id=6644"},"modified":"2023-08-08T13:31:45","modified_gmt":"2023-08-08T16:31:45","slug":"requisitos","status":"publish","type":"page","link":"http:\/\/ipv.salta.gov.ar\/?page_id=6644","title":{"rendered":"Inscripci\u00f3n"},"content":{"rendered":"<div class=\"wp-block-group is-layout-flow wp-block-group-is-layout-flow\">\n<div class=\"wp-block-group__inner-container\">\n<p><strong>\u00a0<\/strong><\/p>\n<p style=\"text-align: center;\"><strong>AREA SOCIAL \u2013 FORMA 2010 \u2013 REV: 07<\/strong><\/p>\n<p style=\"text-align: center;\"><u>OPERATORIA DEMANDA LIBRE<\/u><\/p>\n<p><strong><u>\u00a0<\/u><\/strong><\/p>\n<p style=\"text-align: center;\"><strong><u>REQUISITOS IMPRESCINDIBLES PARA INSCRIPCI\u00d2N<\/u><\/strong><\/p>\n<ul>\n<li>SER ARGENTINO NATIVO O POR OPCI\u00d2N.<\/li>\n<li>LOS TITULARES DEBEN SER MAYORES DE 18 A\u00d1OS DE EDAD.<\/li>\n<li>EL O LA TITULAR DEL GRUPO FAMILIAR DEBE POSEER INGRESOS ECON\u00d2MICOS COMPROBABLES.<\/li>\n<li>CONSTITUIR UN GRUPO FAMILIAR ESTABLE DE PERSONAS CONVIVIENTES EN EL QUE POR LO MENOS DOS DE ELLOS ESTEN UNIDOS ENTRE SI POR LAZOS MATRIMONIALES O DE CONVIVENCIA, O CONSANGUINIDAD EN LINEA ASCENDENTE O DESCENDENTE Y COLATERAL DE PRIMER GRADO.<\/li>\n<li>NINGUNO DE LOS INTEGRANTES DEL GRUPO FAMILIAR A DECLARAR PUEDE SER TITULAR REGISTRAL NI USUFRUCTUARIOS DE BIENES INMUEBLES SITUADOS EN EL TERRITORIO DE LA NACI\u00d3N, NO DEBERAN FORMAR PARTE NINGUNO DE LOS COMPONENTES DEL NUCLEO DEL GRUPO FAMILIAR DECLARADO DE OTRO TRAMITE PARA LA OBTENCION DE ADJUDICACION DE VIVIENDA CONSTRUIDA CON APORTE OFICIAL Y\/O TERRENO FISCAL.<\/li>\n<li>EN CASO DE INSCRIBIRSE HERMANOS: DEBEN SER MAYORES DE 40 A\u00d1OS DEBEN PRESENTARSE TODOS EN EL MOMENTO DE LA INSCRIPCION.<\/li>\n<li>EN CASO DE INSCRIBIRSE TITULARES CON PADRE Y\/O MADRE, DEBERAN CONCURRIR CON LOS MISMOS.<\/li>\n<li>PRESENTARSE PERSONALMENTE TODOS LOS INTEGRANTES DEL GRUPO FAMILIAR MAYORES DE EDAD DEBER\u00c0N CONCURRIR A FIRMAR LA INSCRIPCION<\/li>\n<li>LOS SOLICITANTES DEBERAN ACREDITAR OBLIGATORIAMENTE RESIDENCIA PERMANENTE EN EL LUGAR DONDE SOLICITA LA VIVIENDA CON DOCUMENTACION RESPALDATORIA.<\/li>\n<\/ul>\n<p><strong><u>DOCUMENTACI\u00d3N A<\/u><\/strong><strong><u> PRESENTAR PARA LA INSCRIPCI\u00d3N<\/u><\/strong><\/p>\n<ul>\n<li>DOCUMENTOS DE IDENTIDAD ACTUALIZADOS (<strong>ORIGINAL<\/strong>) DE TODOS LOS INTEGRANTES DEL GRUPO FAMILIAR CON DOMICILIO EN LA LOCALIDAD DONDE SE REALIZA LA INSCRIPCION.<\/li>\n<li>PARTIDAS DE NACIMIENTO<strong> DE<\/strong> TODOS LOS INTEGRANTES DEL GRUPO FAMILIAR (EXPEDIDA POR EL REGISTRO CIVIL) <strong>ACTUALIZADAS EN CASO DE MODIFICATORIAS.<\/strong><\/li>\n<li>CERTIFICADO DE CONVIVENCIA Y RESIDENCIA EXPEDIDO POR LA SECCIONAL DE POLIC\u00cdA CORRESPONDIENTE AL DOMICILIO DE <strong>RESIDENCIA DEL GRUPO FAMILIAR QUE SE DESEA INSCRIBIR<\/strong>, (NO MAS DE 2 MESES DE EXPEDIDO).<\/li>\n<li>BOLETA DE EDESA DEL LUGAR DE RESIDENCIA Y <strong>N\u00ba DE CATASTRO<\/strong>.<\/li>\n<li>CERTIFICADO DE ESCOLARIDAD DE LOS INTEGRANTES MENORES DE EDAD DEL GRUPO FAMILIAR A PARTIR DE LOS 4 A\u00d1OS Y HASTA LA FINALIZACION DEL NIVEL SECUNDARIO.<\/li>\n<li>SI ALQUILA DEBE PRESENTAR CONTRATO Y ULTIMO RECIBO DE PAGO DE ALQUILER.<\/li>\n<li>SI ALGUNO DE LOS INTEGRANTES DEL GRUPO FAMILIAR TIENE UNA ENFERMEDAD GRAVE DEBE PRESENTAR CERTIFICADO MEDICO EXPEDIDO POR ORGANISMO OFICIAL CON SELLO DE MEDICO TRATANTE DE ESE ORGANISMO<\/li>\n<li>EN CASO DE DISCAPACIDAD DE ALGUN INTEGRANTE DEL GRUPO FAMILIAR DEBE PRESENTAR,CERTIFICADO UNICO DE DICAPACIDAD, \u00a0EXPEDIDO POR ORGANISMO OFICIAL COMPETENTE DE LA SALUD, INDICANDO DIAGNOSTICO, TIPO, PORCENTAJE Y ACLARANDO SI EXISTE DISCAPACIDAD MOTRIZ.<\/li>\n<\/ul>\n<table style=\"height: 1593px;\" width=\"583\">\n<tbody>\n<tr>\n<td width=\"114\">\n<p><strong>\u00a0<\/strong><\/p>\n<p><strong>SI ES EMPLEADO\/A:\u00a0\u00a0\u00a0\u00a0\u00a0\u00a0\u00a0 <\/strong><\/p>\n<\/td>\n<td width=\"542\">\n<p>\u00a0<\/p>\n<p>CERTIFICADO DE TRABAJO EXPEDIDO POR EL EMPLEADOR Y\u00daLTIMO RECIBO DE SUELDO \u2013SI TIENE COBRO QUINCENAL\u00a0\u00a0 PRESENTAR ORIGINAL DE\u00a0 LOS RECIBOS DE LAS \u00a0DOS ULTIMAS QUINCENAS EXPEDIDOS POR EL EMPLEADOR Y SALARIO FAMILIAR EXPEDIDO POR ANSES\u00a0 \u00a0\u00a0\u00a0\u00a0<\/p>\n<\/td>\n<\/tr>\n<tr>\n<td width=\"114\">\n<p><strong>SI ES INDEPENDIENTE<\/strong><\/p>\n<\/td>\n<td width=\"542\">\n<p>SI ESTA INSCRIPTO COMO MONOTRIBUTISTA PRESENTAR CONSTANCIA DE INSCRIPCION EN LA AFIP<\/p>\n<p>\u00a0O DECLARACION JURADA DE INGRESOS EXPEDIDO POR CONTADOR P\u00daBLICO NACIONAL SELLADO POR EL COLEGIO DE\u00a0\u00a0\u00a0\u00a0 CIENCIAS ECONOMICAS O REALIZAR DECLARACION JURADA DE INGRESOS EN EL IPV<\/p>\n<\/td>\n<\/tr>\n<tr>\n<td width=\"114\">\n<p><strong>SI ES JUBILADO\/A \u00a0<\/strong><\/p>\n<p><strong>O PENSIONADO\/A<\/strong><\/p>\n<\/td>\n<td width=\"542\">\n<p>ULTIMO RECIBO DE HABERES QUE REGISTRE<\/p>\n<\/td>\n<\/tr>\n<tr>\n<td width=\"114\">\n<p><strong>\u00a0\u00a0SI ES CASADO \/A<\/strong><\/p>\n<\/td>\n<td width=\"542\">\n<p>\u00a0ACTA DE MATRIMONIO ACTUALIZADA (VIGENTE POR SEIS MESES) EXPEDIDA POR EL REGISTRO CIVIL<\/p>\n<\/td>\n<\/tr>\n<tr>\n<td width=\"114\">\n<p><strong>SI ES SOLTERO\/A<\/strong><\/p>\n<\/td>\n<td width=\"542\">\n<p>CON MENORES A CARGO PRESENTAR SENTENCIA JUDICIAL O CONVENIO HOMOLOGADO DE CUIDADO PERSONAL UNILATERAL O COMPARTIDO INDISTINTO CON RESIDENCIA EFECTIVA EN EL DOMICILIO DE QUIEN SE INSCRIBE\u00a0\u00a0\u00a0\u00a0\u00a0\u00a0\u00a0\u00a0\u00a0\u00a0\u00a0\u00a0\u00a0\u00a0\u00a0\u00a0\u00a0\u00a0\u00a0\u00a0\u00a0\u00a0\u00a0\u00a0\u00a0\u00a0\u00a0\u00a0\u00a0\u00a0\u00a0\u00a0\u00a0\u00a0\u00a0\u00a0\u00a0\u00a0\u00a0\u00a0\u00a0\u00a0\u00a0\u00a0\u00a0\u00a0\u00a0<\/p>\n<p>.\u00a0\u00a0\u00a0\u00a0\u00a0\u00a0\u00a0\u00a0\u00a0\u00a0\u00a0\u00a0\u00a0\u00a0\u00a0\u00a0\u00a0\u00a0\u00a0\u00a0\u00a0\u00a0\u00a0\u00a0\u00a0\u00a0\u00a0\u00a0\u00a0\u00a0\u00a0\u00a0\u00a0\u00a0\u00a0\u00a0<\/p>\n<\/td>\n<\/tr>\n<tr>\n<td width=\"114\">\n<p><strong>SI ES \u00a0\u00a0\u00a0SI ES DIVORCIADO\/A<\/strong><\/p>\n<\/td>\n<td width=\"542\">\n<p>SENTENCIA DE DIVORCIO, CON MENORES A CARGO PRESENTAR ACUERDO DE CUIDADO PERSONAL\u00a0 UNILATERAL O COMPARTIDO INDISTINTO A FAVOR DE QUIEN SE INSCRIBE CON SENTENCIA U HOMOLOGACION JUDICIAL<\/p>\n<\/td>\n<\/tr>\n<tr>\n<td width=\"114\">\n<p><strong>SI ES VIUDO\/A<\/strong><\/p>\n<\/td>\n<td width=\"542\">\n<p><strong>ACTA DE DEFUNCION EXPEDIDO POR EL REGISTRO CIVIL Y \u00a0ACTA DE MATRIMONIO \u00a0ACTUALIZADA<\/strong><\/p>\n<\/td>\n<\/tr>\n<tr>\n<td width=\"114\">\n<p><strong>UNION CONVIVENCIAL<\/strong><\/p>\n<\/td>\n<td width=\"542\">\n<p><strong>EN CASO DE UNION CONVIVENCIAL SIN HIJOS PRESENTAR INSCRIPCION EN EL REGISTRO CIVIL DE CONVIVIENTES<\/strong><\/p>\n<p><strong>EN CASO DE UNION CONVIVENCIAL CON HIJOS EN COMUN PRESENTAR PARTIDAS DE NACIMIENTO, ACTUALIZADAS, DE LOS MISMOS<\/strong><\/p>\n<\/td>\n<\/tr>\n<\/tbody>\n<\/table>\n<p><strong>\u00a0<\/strong><\/p>\n<p><strong>Y TODA OTRA DOCUMENTACION QUE A CRITERIO DEL ORGANISMO FUERE NECESARIA CON EL FIN DE CONSTATAR \u00a0LA VERACIDAD DE LO DECLARADO<\/strong><\/p>\n<p><strong>\u00a0<\/strong><\/p>\n<p><strong>Y TODA OTRA DOCUMENTACION QUE A CRITERIO DEL ORGANISMO FUERE NECESARIA CON EL FIN DE CONSTATAR \u00a0LA VERACIDAD DE LO DECLARADO<\/strong><\/p>\n<ul>\n<li><strong>IMPORTANTE<\/strong>:<\/li>\n<li>SI EL POSTULANTE RESIDE EN <strong>SALTA CAPITAL<\/strong> DEBE PRESENTAR ORIGINAL DE TODA LA DOCUMENTACI\u00d3N Y<\/li>\n<\/ul>\n<p><strong>COPIA SOLAMENTE DE LOS INGRESOS DEL GRUPO FAMILIAR<\/strong><\/p>\n<ul>\n<li>SI EL POSTULANTE ES DEL <strong>INTERIOR<\/strong> DE LA PROVINCIA DE SALTA DEBE ADJUNTAR <strong>ORIGINAL Y FOTOCOPIA<\/strong><\/li>\n<\/ul>\n<p>SIMPLE DE TODA LA DOCUMENTACION<\/p>\n<p><strong>\u00a0<\/strong><\/p>\n<p><strong>\u00a0 \u00a0 \u00a0 \u00a0\u00a0<\/strong><\/p>\n<p><strong>\u00a0 \u00a0 \u00a0 \u00a0 \u00a0 \u00a0 \u00a0 \u00a0 \u00a0 \u00a0 \u00a0 \u00a0 \u00a0 \u00a0 \u00a0 \u00a0<\/strong><\/p>\n<div>\u00a0<\/div>\n<div>\u00a0<\/div>\n<p><strong>\u00a0<\/strong><\/p>\n<\/div>\n<\/div>\n","protected":false},"excerpt":{"rendered":"<p>\u00a0 AREA SOCIAL \u2013 FORMA 2010 \u2013 REV: 07 OPERATORIA DEMANDA LIBRE \u00a0 REQUISITOS IMPRESCINDIBLES PARA INSCRIPCI\u00d2N SER ARGENTINO NATIVO O POR OPCI\u00d2N. LOS TITULARES DEBEN SER MAYORES DE 18 A\u00d1OS DE EDAD. EL O LA TITULAR DEL GRUPO FAMILIAR DEBE POSEER INGRESOS ECON\u00d2MICOS COMPROBABLES. CONSTITUIR UN GRUPO FAMILIAR ESTABLE DE PERSONAS CONVIVIENTES EN EL [&hellip;]<\/p>\n","protected":false},"author":1,"featured_media":0,"parent":0,"menu_order":1,"comment_status":"closed","ping_status":"closed","template":"","meta":{"footnotes":""},"_links":{"self":[{"href":"http:\/\/ipv.salta.gov.ar\/index.php?rest_route=\/wp\/v2\/pages\/6644"}],"collection":[{"href":"http:\/\/ipv.salta.gov.ar\/index.php?rest_route=\/wp\/v2\/pages"}],"about":[{"href":"http:\/\/ipv.salta.gov.ar\/index.php?rest_route=\/wp\/v2\/types\/page"}],"author":[{"embeddable":true,"href":"http:\/\/ipv.salta.gov.ar\/index.php?rest_route=\/wp\/v2\/users\/1"}],"replies":[{"embeddable":true,"href":"http:\/\/ipv.salta.gov.ar\/index.php?rest_route=%2Fwp%2Fv2%2Fcomments&post=6644"}],"version-history":[{"count":33,"href":"http:\/\/ipv.salta.gov.ar\/index.php?rest_route=\/wp\/v2\/pages\/6644\/revisions"}],"predecessor-version":[{"id":14086,"href":"http:\/\/ipv.salta.gov.ar\/index.php?rest_route=\/wp\/v2\/pages\/6644\/revisions\/14086"}],"wp:attachment":[{"href":"http:\/\/ipv.salta.gov.ar\/index.php?rest_route=%2Fwp%2Fv2%2Fmedia&parent=6644"}],"curies":[{"name":"wp","href":"https:\/\/api.w.org\/{rel}","templated":true}]}}