{"id":6655,"date":"2015-09-23T11:08:33","date_gmt":"2015-09-23T14:08:33","guid":{"rendered":"http:\/\/ipv.salta.gov.ar\/?page_id=6655"},"modified":"2023-08-09T10:41:51","modified_gmt":"2023-08-09T13:41:51","slug":"transferencias","status":"publish","type":"page","link":"http:\/\/ipv.salta.gov.ar\/?page_id=6655","title":{"rendered":"Transferencias"},"content":{"rendered":"<p style=\"text-align: center;\">AREA SOCIAL -FORMA 2050<\/p>\n<p style=\"text-align: center;\"><strong>REQUISITOS IMPRESCINDIBLES PARA LA TRANSFERENCIA DE VIVIENDAS<\/strong><br \/><strong>CONSTRUIDAS Y ENTREGADAS POR ESTE I.P.V.<\/strong><br \/><strong>CON ESCRITURA PUBLICA<\/strong><br \/><strong>RESOLUCION IPV N\u00ba 477 \/01<\/strong><\/p>\n<p style=\"text-align: justify;\">TODA COMPRA VENTA DE VIVIENDAS ENTRE PARTICULARES CONSTRUIDAS Y ENTREGADAS POR ESTE I.P.V. DEBER\u00c1 REUNIR PARA SU APROBACI\u00d3N POR ESTE ORGANISMO LOS SIGUIENTES:<\/p>\n<p style=\"text-align: center;\"><strong>REQUISITOS<\/strong><\/p>\n<p style=\"text-align: justify;\">\uf0ff EL COMPRADOR DEBE SER UNA PERSONA FISICA EN TODOS LOS CASOS<br \/>\uf0ff EL COMPRADOR Y\/O SU GRUPO FAMILIAR CONVIVIENTE NO PUEDEN SER ADJUDICATARIOS O ADQUIRIENTES POR COMPRA VENTA CESION DE DERECHOS Y ACCIONES DE OTRA VIVIENDA COSTRUIDA POR ESTE INSTITUTO<br \/>\uf0ff EL COMPRADOR Y SU GRUPO FAMILIAR CONVIVIENTE DEBEN ACREDITAR UN NIVEL DE INGRESOS SUFICIENTES EN RELACION AL MONTO DE LA CUOTA DE AMORTIZACION DE LA VIVIENDA QUE PRETENDE ADQUIRIR<br \/>\uf0ff DEBERA SUSCRIBIR ANTE EL AREA SOCIAL DE ESTE INSTITUTO SU DECLARACION JURADA DE IDENTIDAD E INGRESOS DEL COMPRADOR Y SU GRUPO FAMILIAR PRESENTANDO TODA LA DOCUMENTACION QUE LE SEA REQUERIDA<br \/>\uf0ff LA COMPRA VENTA DEBERA SER INSTRUMENTADA MEDIANTE ESCRITURA PUBLICA ANTE ESCRIBANO DE REGISTRO Y SELLADA EN LA DIRECCI\u00d3N GENERAL DE RENTAS DE LA PROVINCIA<br \/>\uf0ff PRESENTAR CERTIFICADO DE LIBRE DEUDA DE CUOTAS DE AMORTIZACI\u00d3N DE LA UNIDAD HABITACIONAL OTORGADO POR LA OFICINA DE COBRANZAS DEL I.P.V.<br \/>\uf0ff PRESENTAR CERTIFICADO DE LIBRE DEUDA DE IMPUESTOS Y TASAS MUNICIPALES<br \/>\uf0ff ABONAR LA SUMA DE $10.000 (DIEZ MIL) EN CONCEPTO DE ARANCEL DE TRANSFERENCIA SOLICITADO EN COBRANZAS<br \/>\uf0ff ACEPTACION MEDIANTE FIRMA POR PARTE DE LOS VENDEDORES DEL FORMULARIO DE NOTIFICACION DE INHIBICION PARA SOLICITAR NUEVAMENTE LA ADJUDICACI\u00d3N DE VIVIENDA CONSTRUIDAS POR EL ESTADO PROVINCIAL Y\/O NACIONAL \u2013FORMA 2080 &#8211;<\/p>\n<p style=\"text-align: justify;\"><strong>TRAMITE<\/strong><br \/>LA DOCUMENTACI\u00d3N DETALLADA EN LOS REQUISITOS DEBE SER PRESENTADA POR LOS INTERESADOS EN EL \u00c1REA SOCIAL DEL IPV PARA SU CONTRALOR Y VERIFICACION, EN CASO DE ENCONTRARSE COMPLETA, SE AUTORIZARA EL ABONO DEL ARANCEL DE TRANSFERENCIA Y SU PRESENTACI\u00d3N POR MESA DE ENTRADAS DE ESTE INSTITUTO PARA EL ANALISIS DE LA MISMA POR ESTE ORGANISMO<\/p>\n<hr \/>\n<hr \/>\n<p style=\"text-align: center;\">AREA SOCIAL -FORMA 2060<br \/><strong>REQUISITOS IMPRESCINDIBLES PARA LA TRANSFERENCIA DE VIVIENDAS<\/strong><br \/><strong>CONSTRUIDAS Y ENTREGADAS POR ESTE I.P.V. NO CANCELADA \u2013SIN ESCRITURA RESOLUCION IPV N\u00ba 353 \/01<\/strong><\/p>\n<p>TODA CESI\u00d3N DE DERECHOS Y ACCIONES DE VIVIENDAS CONSTRUIDAS Y ENTREGADAS POR ESTE I.P.V. EN TENENCIA PRECARIA, DEBER\u00c1 REUNIR PARA SU APROBACI\u00d3N LOS SIGUIENTES:<\/p>\n<p style=\"text-align: center;\"><strong>REQUISITOS<\/strong><\/p>\n<p>\uf0ff HABER TRANSCURRIDO 5(CINCO) A\u00d1OS DESDE LA ENTREGA EFECTIVA DEL INMUEBLE POR PARTE DEL I.P.V AL CEDENTE<br \/>\uf0ff EL CESIONARIO Y LOS MIEMBROS DE SU GRUPO FAMILIAR DECLARADO NO PUEDEN SER TITULARES REGISTRALES, COND\u00d3MINOS NI USUFRUCTUARIOS DE BIENES INMUEBLES EN TODO EL TERRITORIO DELA NACI\u00d3N<br \/>\uf0ff EL CESIONARIO Y SU GRUPO FAMILIAR CONVIVIENTE NO PUEDEN HABER SIDO BENEFICIADOS CON LA ADJUDICACI\u00d3N DE VIVIENDAS CONSTRUIDOS POR PLANES OFICIALES O DE CR\u00c9DITOS OFICIALES PARA LA COMPRA O CONSTRUCCI\u00d3N DE VIVIENDAS.<br \/>\uf0ff EL CESIONARIO DEBER\u00c1 ENCONTRARSE INSCRIPTO EN ESTE ORGANISMO CUMPLIENDO LOS TITULARES LA TOTALIDAD DE LOS REQUISITOS EXIGIDOS POR RESOLUCIONES VIGENTES<br \/>\uf0ff LA CESI\u00d3N DE DERECHOS Y ACCIONES DEBER\u00c1 SER INSTRUMENTADA EN DEBIDA FORMA CON LA FIRMA DEL\/LOS TITULAR\/ES CERTIFICADA ANTE ESCRIBANO P\u00daBLICO Y SELLADA EN LA DIRECCI\u00d3N GENERAL DE RENTAS DE LA PROVINCIA<br \/>\uf0ff PRESENTAR CERTIFICADO DE LIBRE DEUDA DE CUOTAS DE AMORTIZACI\u00d3N DE LA UNIDAD HABITACIONAL OTORGADO POR LA OFICINA DE COBRANZAS DEL I.P.V.<br \/>\uf0ff PRESENTAR CERTIFICADO DE LIBRE DEUDA DE IMPUESTOS Y TASAS MUNICIPALES<br \/>\uf0ff PRESENTAR EL LIBRE DEUDA DE SERVICIOS P\u00daBLICO (AGUAS DEL NORTE; EDESA SA; GASNOR SA )<br \/>\uf0ff ABONAR LA SUMA DE $10.000 (DIEZ MIL) EN CONCEPTO DE ARANCEL DE TRANSFERENCIA SOLICITADO EN COBRANZAS<br \/>\uf0ff PREVIO A LA RECEPCI\u00d3N DE LA DOCUMENTACI\u00d3N SE DEBER\u00c1 PONER EN CONOCIMIENTO DEL CEDENTE, QUE DE CONFORMIDAD CON LAS DISPOSICIONES LEGALES EN LA MATERIA EL MISMO QUEDAR\u00c1 INHIBIDO PARA SOLICITAR NUEVAMENTE LA ADJUDICACI\u00d3N DE VIVIENDA CONSTRUIDAS POR EL ESTADO PROVINCIAL Y\/O NACIONAL<\/p>\n<p style=\"text-align: justify;\"><strong>TRAMITE<\/strong><br \/>LA DOCUMENTACI\u00d3N DETALLADA EN LOS REQUISITOS DEBE SER PRESENTADA POR LOS INTERESADOS EN EL \u00c1REA SOCIAL DEL IPV PARA SU CONTRALOR Y VERIFICACION EN CASO DE ENCONTRARSE COMPLETA, SE AUTORIZARA EL ABONO DEL ARANCEL DE TRANSFERENCIA Y SU PRESENTACI\u00d3N POR MESA DE ENTRADAS DE ESTE INSTITUTO PARA EL ANALISIS DE LA MISMA POR ESTE ORGANISMO<\/p>\n<hr \/>\n<hr \/>\n<p style=\"text-align: center;\">AREA SOCIAL -FORMA 2070<br \/><strong>REQUISITOS IMPRESCINDIBLES PARA LA TRANSFERENCIA DE VIVIENDAS<\/strong><br \/><strong>CONSTRUIDAS Y ENTREGADAS POR ESTE I.P.V.<\/strong><br \/><strong>CANCELADAS SIN ESCRITURA<\/strong><br \/><strong>RESOLUCION IPV N\u00ba 080 \/02<\/strong><\/p>\n<p style=\"text-align: justify;\">TODA CESION DE DERECHOS Y ACCIONES DE VIVIENDAS CONSTRUIDAS Y ENTREGADAS POR ESTE I.P.V. EN TENENCIA PRECARIA DEBER\u00c1 REUNIR PARA SU APROBACI\u00d3N POR ESTE ORGANISMO LOS SIGUIENTES:<\/p>\n<p style=\"text-align: center;\"><strong>REQUISITOS<\/strong><\/p>\n<p style=\"text-align: justify;\">\uf0ff EL CESIONARIO DEBE SER UNA PERSONA FISICA EN TODOS LOS CASOS<br \/>\uf0ff EL CESIONARIO Y SU GRUPO FAMILIAR CONVIVIENTE NO PUEDEN SER ADJUDICATARIOS O ADQUIRIENTES POR COMPRA VENTA CESION DE DERECHOS Y ACCIONES DE OTRA VIVIENDA COSTRUIDA POR ESTE INSTITUTO<br \/>\uf0ff EL CESIONARIO DEBERA SUSCRIBIR ANTE EL AREA SOCIAL DE ESTE INSTITUTO SU DECLARACION JURADA DE IDENTIDAD PRESENTANDO TODA LA DOCUMENTACION QUE LE SEA REQUERIDA<br \/>\uf0ff LA CESION DE DERECHOS Y ACCIONES DEBERA SER INSTRUMENTADA MEDIANTE ESCRITURA PUBLICA ANTE ESCRIBANO DE REGISTRO Y SELLADA EN LA DIRECCI\u00d3N GENERAL DE RENTAS DE LA PROVINCIA<br \/>\uf0ff PRESENTAR CERTIFICADO DE CANCELACION DE PAGO DE LA TOTALIDAD DE LAS CUOTAS DE LA VIVIENDA OTORGADO POR LA OFICINA DE COBRANZAS DEL I.P.V.<br \/>\uf0ff PRESENTAR CERTIFICADO DE LIBRE DEUDA DE IMPUESTOS Y TASAS MUNICIPALES<br \/>\uf0ff ABONAR LA SUMA DE $10.000 (DIEZ MIL) EN CONCEPTO DE ARANCEL DE TRANSFERENCIA SOLICITADO EN COBRANZAS<br \/>\uf0ff ACEPTACION MEDIANTE FIRMA POR PARTE DEL\/LOS CEDENTES DEL FORMULARIO DE NOTIFICACION DE INHIBICION PARA SOLICITAR NUEVAMENTE LA ADJUDICACI\u00d3N DE VIVIENDA CONSTRUIDAS POR EL ESTADO PROVINCIAL Y\/O NACIONAL \u2013FORMA 2080 &#8211;<\/p>\n<p style=\"text-align: justify;\"><strong>TRAMITE<\/strong><br \/>LA DOCUMENTACI\u00d3N DETALLADA EN LOS REQUISITOS DEBE SER PRESENTADA POR LOS INTERESADOS EN EL \u00c1REA SOCIAL DEL IPV PARA SU CONTRALOR Y VERIFICACION EN CASO DE ENCONTRARSE COMPLETA, SE AUTORIZARA EL ABONO DEL ARANCEL DE TRANSFERENCIA Y SU PRESENTACI\u00d3N POR MESA DE ENTRADAS DE ESTE INSTITUTO PARA EL ANALISIS DE LA MISMA POR ESTE ORGANISMO<\/p>\n<p>\u00a0<\/p>\n<p class=\"has-text-align-center\">AREA SOCIAL -FORMA 2090<\/p>\n<p class=\"has-text-align-center\"><strong>REQUISITOS IMPRESCINDIBLES PARA LA TRANSFERENCIA DE VIVIENDAS<\/strong><br \/><strong>CONSTRUIDAS Y ENTREGADAS POR ESTE I.P.V.<\/strong><br \/><strong>CON TRAMITE DE JUICIO SUCESORIO VIVIENDA CANCELADA SIN ESCRITURA RESOLUCION IPV N\u00ba 46 \/21<\/strong><\/p>\n<p>Toda solicitud de Cambio de Titularidad por fallecimiento del titular y\/o cotitular de vivienda adjudicada por este INSTITUTO, deber\u00e1 cumplimentar para su aceptaci\u00f3n, los REQUISITOS que se detallan a continuaci\u00f3n:<\/p>\n<p class=\"has-text-align-center\"><strong>REQUISITOS<\/strong><\/p>\n<p>&nbsp;1,-Nota dirigida al Jefe\/a del \u00c1rea Social solicitando cambio de titularidad por fallecimiento firmada por el o los interesados, manifestando bajo juramento que no existen otros herederos conocidos que los declarados en juicio, sin perjuicio de las responsabilidades civiles y penales que por ley correspondan.<\/p>\n<p>2.-Resoluci\u00f3n Judicial de Declaratoria de Herederos, Partici\u00f3n y Adjudicaci\u00f3n de bienes debidamente aprobada y certificada por el Juzgado actuante.<\/p>\n<p>3.-Acreditaci\u00f3n del cumplimiento de las leyes impositivas, arancelarias y previsionales (Direcci\u00f3n General de Rentas, Caja de Abogados y Honorarios Profesionales).<\/p>\n<p>&nbsp;4.-Fotocopia de D.N.I. de los declarados herederos.<\/p>\n<p>5.-Certificado de Cancelaci\u00f3n de Ia vivienda, expedido por Dependencia Cobranzas del \u00c1rea Financiera y Administrativa de este I.P.V.<\/p>\n<p>&nbsp;6,-Abonar arancel expedido por Dependencia Cobranzas del \u00c1rea Financiera y Administrativa de este I.P.V. por Cambio de titularidad dentro del Grupo Familiar.<\/p>\n<p><u><strong>Cesiones de Derechos y Acciones Hereditarios<\/strong><\/u><\/p>\n<p>En todos los casos que existieran Cesiones de Derechos y Acciones Hereditarios, se deber\u00e1 presentar Partici\u00f3n y Adjudicaci\u00f3n de Bienes del causante, m\u00e1s Ia documentaci\u00f3n detallada en los puntos precedentes seg\u00fan corresponda.<\/p>\n<\/p>\n<p class=\"has-text-align-center\">AREA SOCIAL &#8211; FORMA 2091<\/p>\n<p class=\"has-text-align-center\"><strong>REQUISITOS IMPRESCINDIBLES PARA LA TRANSFERENCIA DE VIVIENDAS<\/strong><br \/><strong>CONSTRUIDAS Y ENTREGADAS POR ESTE I.P.V.<\/strong><br \/><strong>CON TRAMITE DE JUICIO SUCESORIO VIVIENDA SIN CANCELAR y SIN ESCRITURAR RESOLUCION IPV N\u00ba 46 \/21<\/strong><\/p>\n<p>Toda solicitud de Cambio de Titularidad por fallecimiento del titular y\/o cotitular de vivienda adjudicada por este INSTITUTO, deber\u00e1 cumplimentar para su aceptaci\u00f3n, los REQUISITOS que se detallan a continuaci\u00f3n:<\/p>\n<p class=\"has-text-align-center\"><strong>REQUISITOS<\/strong><\/p>\n<p>1.-Nota dirigida al Jefe\/a del \u00c1rea Social solicitando cambio de titularidad por fallecimiento firmada por el o los interesados, manifestando bajo juramento que no existen otros herederos conocidos que los declarados en juicio, sin perjuicio de las responsabilidades civiles y penales que por ley correspondan.<\/p>\n<p>2.-Resoluci\u00f3n Judicial de Declaratoria de Herederos, Partici\u00f3n y Adjudicaci\u00f3n de bienes debidamente aprobada y certificada por el Juzgado actuante,<\/p>\n<p>3.-Acreditaci\u00f3n del cumplimiento de las leyes impositivas, arancelarias y previsionales (Direcci\u00f3n General de Rentas, Caja de Abogados y Honorarios Profesionales).<\/p>\n<p>4.-Fotocopia de D.N.I. de los declarados herederos.<\/p>\n<p>5.-Certificado de Libre Deuda de Ia vivienda, expedido por Dependencia Cobranzas del \u00c1rea Financiera y Administrativa de este I.P.V.<\/p>\n<p>6,-Recibo de sueldo y\/o acreditaci\u00f3n de ingresos correspondientes.<\/p>\n<p>7,-Abonar arancel expedido por Dependencia Cobranzas del \u00c1rea Financiera y Administrativa de este&nbsp; l.P.V. por Cambio de titularidad dentro del Grupo Familiar<\/p>\n<p><strong><u>Cesiones de Derechos y Acciones Hereditarios<\/u><\/strong><\/p>\n<p>En todos los casos que existieran Cesiones de Derechos y Acciones Hereditarios, se deber\u00e1 presentar Partici\u00f3n y Adjudicaci\u00f3n de Bienes del causante, m\u00e1s Ia documentaci\u00f3n detallada en los puntos precedentes seg\u00fan corresponda.<\/p>\n<\/p>\n<p class=\"has-text-align-center\">\u00c1REA SOCIAL FORMA 2081<\/p>\n<p class=\"has-text-align-center\"><strong>REQUISITOS IMPRESCINDIBLES PARA TRANSFERENCIA DE MONOAMBIENTES<\/strong><\/p>\n<p class=\"has-text-align-center\"><strong>RESOLUCI\u00d3N IPV N\u00ba&nbsp; 077\/&nbsp; 16&nbsp;&nbsp;&nbsp;&nbsp;&nbsp;&nbsp;&nbsp;&nbsp; <\/strong><\/p>\n<p class=\"has-text-align-center\"><strong>CON VIGENCIA 29\/01\/16<\/strong><\/p>\n<p class=\"has-text-align-center\"><strong>TODA CESI\u00d3N DE DERECHOS Y ACCIONES DE MONOAMBIENTES, DEBER\u00c1 REUNIR PARA SU APROBACI\u00d3N LOS SIGUIENTES REQUISITOS:<\/strong><\/p>\n<ul>\n<li>Haber cumplido dos (2) a\u00f1os de habitabilidad desde la entrega efectiva de la vivienda.<\/li>\n<\/ul>\n<ul>\n<li>El cesionario o comprador deber\u00e1 ser una persona f\u00edsica, argentino y mayor de edad.<\/li>\n<\/ul>\n<ul>\n<li>El cesionario o comprador, no deber\u00e1 ser adjudicatario o adquirente por Compraventa o Cesi\u00f3n de Derechos y Acciones de otra vivienda construida por este Organismo o cr\u00e9dito entregados por el mismo u otro del estado provincial.<\/li>\n<\/ul>\n<ul>\n<li>El cesionario o comprador deber\u00e1 acreditar fehacientemente ingresos y registrarse personalmente en el \u00c1rea Social del Instituto.<\/li>\n<\/ul>\n<ul>\n<li>El cesionario o comprador no podr\u00e1 ser titular registral ni cond\u00f3mino de bienes inmuebles en todo el territorio de la Provincia.<\/li>\n<\/ul>\n<ul>\n<li>El cesionario en el caso de ser casado o conviviente con o sin hijos en com\u00fan, deber\u00e1 presentar documentaci\u00f3n correspondiente al grupo familiar.<\/li>\n<\/ul>\n<ul>\n<li>La Cesi\u00f3n de Derechos y Acciones deber\u00e1 estar instrumentada en debida forma ante Escribano P\u00fablico, y sellada en la Direcci\u00f3n General de Rentas.<\/li>\n<\/ul>\n<ul>\n<li>Presentar libre deuda de cuotas I.P.V, pago de expensas comunes, impuestos y tasas municipales, y empresas de servicios p\u00fablicos.<\/li>\n<\/ul>\n<ul>\n<li>Pago de Arancel de Transferencia de $ 10.000 (pesos diez mil). \u00a0\u00a0\u00a0\u00a0\u00a0\u00a0\u00a0\u00a0\u00a0\u00a0\u00a0\u00a0\u00a0\u00a0\u00a0\u00a0\u00a0\u00a0\u00a0\u00a0\u00a0\u00a0\u00a0\u00a0\u00a0\u00a0\u00a0\u00a0\u00a0\u00a0\u00a0\u00a0\u00a0\u00a0\u00a0\u00a0\u00a0\u00a0\u00a0\u00a0\u00a0\u00a0\u00a0\u00a0\u00a0\u00a0\u00a0\u00a0\u00a0\u00a0\u00a0\u00a0\u00a0\u00a0\u00a0\u00a0\u00a0\u00a0\u00a0\u00a0\u00a0\u00a0\u00a0\u00a0\u00a0\u00a0\u00a0\u00a0\u00a0\u00a0\u00a0\u00a0\u00a0\u00a0\u00a0\u00a0\u00a0\u00a0\u00a0\u00a0\u00a0\u00a0\u00a0\u00a0\u00a0\u00a0\u00a0\u00a0\u00a0\u00a0\u00a0\u00a0\u00a0\u00a0\u00a0\u00a0\u00a0<\/li>\n<\/ul>\n<ul>\n<li>En caso de Cesiones Sucesivas, deber\u00e1 abonarse el arancel correspondiente a cada una de ellas.<\/li>\n<\/ul>\n<ul>\n<li>Previo a la recepci\u00f3n de la documentaci\u00f3n, se deber\u00e1 poner en conocimiento del cedente, que, de conformidad con las disposiciones legales vigentes en la materia, el mismo quedar\u00e1 inhibido para solicitar nuevamente la adjudicaci\u00f3n de vivienda construida por este Organismo.<\/li>\n<\/ul>\n<figure class=\"wp-block-table\">\n<table>\n<tbody>\n<tr>\n<td><strong>TR\u00c1MITE:<\/strong><\/td>\n<\/tr>\n<tr>\n<td>LA DOCUMENTACI\u00d3N DETALLADA EN LOS REQUISITOS DEBER\u00c1 SER PRESENTADA POR LOS INTERESADOS ANTE EL \u00c1REA SOCIAL.PARA SU CONTRALOR Y VERIFICACION &nbsp;EN CASO DE ECONTRARSE COMPLETA, SE AUTORIZARA EL ABONO DEL &nbsp;ARANCEL DE TRANSFERENCIA Y SU PRESENTACI\u00d3N POR MESA DE ENTRADAS DE ESTE INSTITUTO PARA EL ANALISIS DE LA MISMA<\/td>\n<\/tr>\n<\/tbody>\n<\/table>\n<\/figure>\n","protected":false},"excerpt":{"rendered":"<p>AREA SOCIAL -FORMA 2050 REQUISITOS IMPRESCINDIBLES PARA LA TRANSFERENCIA DE VIVIENDASCONSTRUIDAS Y ENTREGADAS POR ESTE I.P.V.CON ESCRITURA PUBLICARESOLUCION IPV N\u00ba 477 \/01 TODA COMPRA VENTA DE VIVIENDAS ENTRE PARTICULARES CONSTRUIDAS Y ENTREGADAS POR ESTE I.P.V. DEBER\u00c1 REUNIR PARA SU APROBACI\u00d3N POR ESTE ORGANISMO LOS SIGUIENTES: REQUISITOS \uf0ff EL COMPRADOR DEBE SER UNA PERSONA FISICA EN [&hellip;]<\/p>\n","protected":false},"author":3,"featured_media":0,"parent":0,"menu_order":0,"comment_status":"closed","ping_status":"closed","template":"","meta":{"footnotes":""},"_links":{"self":[{"href":"http:\/\/ipv.salta.gov.ar\/index.php?rest_route=\/wp\/v2\/pages\/6655"}],"collection":[{"href":"http:\/\/ipv.salta.gov.ar\/index.php?rest_route=\/wp\/v2\/pages"}],"about":[{"href":"http:\/\/ipv.salta.gov.ar\/index.php?rest_route=\/wp\/v2\/types\/page"}],"author":[{"embeddable":true,"href":"http:\/\/ipv.salta.gov.ar\/index.php?rest_route=\/wp\/v2\/users\/3"}],"replies":[{"embeddable":true,"href":"http:\/\/ipv.salta.gov.ar\/index.php?rest_route=%2Fwp%2Fv2%2Fcomments&post=6655"}],"version-history":[{"count":16,"href":"http:\/\/ipv.salta.gov.ar\/index.php?rest_route=\/wp\/v2\/pages\/6655\/revisions"}],"predecessor-version":[{"id":14090,"href":"http:\/\/ipv.salta.gov.ar\/index.php?rest_route=\/wp\/v2\/pages\/6655\/revisions\/14090"}],"wp:attachment":[{"href":"http:\/\/ipv.salta.gov.ar\/index.php?rest_route=%2Fwp%2Fv2%2Fmedia&parent=6655"}],"curies":[{"name":"wp","href":"https:\/\/api.w.org\/{rel}","templated":true}]}}