{"id":6660,"date":"2015-09-23T11:11:31","date_gmt":"2015-09-23T14:11:31","guid":{"rendered":"http:\/\/ipv.salta.gov.ar\/?page_id=6660"},"modified":"2015-09-23T11:11:31","modified_gmt":"2015-09-23T14:11:31","slug":"mejor-vivir-capital","status":"publish","type":"page","link":"http:\/\/ipv.salta.gov.ar\/?page_id=6660","title":{"rendered":"Mejor Vivir Capital"},"content":{"rendered":"<p style=\"text-align: center;\"><strong>\u201cPLAN FEDERAL DE MEJORAMIENTO DE VIVIENDA \u2013 <\/strong><\/p>\n<p style=\"text-align: center;\"><strong>MEJOR VIVIR\u00bb<\/strong><\/p>\n<ul>\n<li>FOTOCOPIA DE \u00a0ESCRITURA O CONSTANCIA ACTUALIZADA DE \u00a0SUBSECRETAR\u00cdA DE TIERRA Y H\u00c1BITAT.<\/li>\n<\/ul>\n<ul>\n<li>FOTOCOPIA DE D.N.I. DE TODOS LOS INTEGRANTES DEL GRUPO FAMILIAR.<\/li>\n<\/ul>\n<ul>\n<li>FOTOCOPIA DE PARTIDA DE NACIMIENTO DE \u00a0LOS HIJOS DE EL\/LOS TITULARES.<\/li>\n<\/ul>\n<ul>\n<li>FOTOCOPIA DE ACTA DE MATRIMONIO (si es que est\u00e1n casados).<\/li>\n<\/ul>\n<ul>\n<li>FOTOCOPIA DE RECIBO DE SUELDO O DECLARACI\u00d3N JURADA DE INGRESOS (Polic\u00eda). SI PERCIBEN ASIGANCI\u00d3N UNIVERSAL O ALGUNA PENSI\u00d3N DEBEN PRESENTAR FOTOCOPIA DEL TICKET DEL CAJERO O DEL BANCO.<\/li>\n<\/ul>\n<ul>\n<li>CERTIFICADO DE RESIDENCIA Y CONVIVENCIA DEL GRUPO FAMILIAR (Polic\u00eda).<\/li>\n<\/ul>\n<ul>\n<li>CERTIFICADO DE ESCOLARIDAD DE LOS MENORES DE 18 A\u00d1OS.<\/li>\n<\/ul>\n<ul>\n<li>SER ARGENTINO NATIVO O POR OPCION.<\/li>\n<\/ul>\n<ul>\n<li>NO PUEDEN ACCEDER LOS QUE PERCIBIERON UN BENEFICIO DEL I.P.V.<\/li>\n<\/ul>\n<ul>\n<li>LA VIVIENDA QUE OCUPA DEBE SER LA \u00daNICA PROPIEDAD.<\/li>\n<\/ul>\n<p>&nbsp;<\/p>\n<p>&nbsp;<\/p>\n","protected":false},"excerpt":{"rendered":"<p>\u201cPLAN FEDERAL DE MEJORAMIENTO DE VIVIENDA \u2013 MEJOR VIVIR\u00bb FOTOCOPIA DE \u00a0ESCRITURA O CONSTANCIA ACTUALIZADA DE \u00a0SUBSECRETAR\u00cdA DE TIERRA Y H\u00c1BITAT. FOTOCOPIA DE D.N.I. DE TODOS LOS INTEGRANTES DEL GRUPO FAMILIAR. FOTOCOPIA DE PARTIDA DE NACIMIENTO DE \u00a0LOS HIJOS DE EL\/LOS TITULARES. FOTOCOPIA DE ACTA DE MATRIMONIO (si es que est\u00e1n casados). FOTOCOPIA DE RECIBO [&hellip;]<\/p>\n","protected":false},"author":3,"featured_media":0,"parent":0,"menu_order":0,"comment_status":"closed","ping_status":"closed","template":"","meta":{"footnotes":""},"_links":{"self":[{"href":"http:\/\/ipv.salta.gov.ar\/index.php?rest_route=\/wp\/v2\/pages\/6660"}],"collection":[{"href":"http:\/\/ipv.salta.gov.ar\/index.php?rest_route=\/wp\/v2\/pages"}],"about":[{"href":"http:\/\/ipv.salta.gov.ar\/index.php?rest_route=\/wp\/v2\/types\/page"}],"author":[{"embeddable":true,"href":"http:\/\/ipv.salta.gov.ar\/index.php?rest_route=\/wp\/v2\/users\/3"}],"replies":[{"embeddable":true,"href":"http:\/\/ipv.salta.gov.ar\/index.php?rest_route=%2Fwp%2Fv2%2Fcomments&post=6660"}],"version-history":[{"count":1,"href":"http:\/\/ipv.salta.gov.ar\/index.php?rest_route=\/wp\/v2\/pages\/6660\/revisions"}],"predecessor-version":[{"id":6661,"href":"http:\/\/ipv.salta.gov.ar\/index.php?rest_route=\/wp\/v2\/pages\/6660\/revisions\/6661"}],"wp:attachment":[{"href":"http:\/\/ipv.salta.gov.ar\/index.php?rest_route=%2Fwp%2Fv2%2Fmedia&parent=6660"}],"curies":[{"name":"wp","href":"https:\/\/api.w.org\/{rel}","templated":true}]}}