{"id":6664,"date":"2015-09-23T11:14:42","date_gmt":"2015-09-23T14:14:42","guid":{"rendered":"http:\/\/ipv.salta.gov.ar\/?page_id=6664"},"modified":"2015-09-23T11:14:42","modified_gmt":"2015-09-23T14:14:42","slug":"vivienda-digna","status":"publish","type":"page","link":"http:\/\/ipv.salta.gov.ar\/?page_id=6664","title":{"rendered":"Vivienda Digna"},"content":{"rendered":"<p style=\"text-align: center;\"><span style=\"text-decoration: underline;\"><strong>PROGRAMA VIVIENDA DIGNA<\/strong><\/span><\/p>\n<p><strong>Requisitos para solicitud de Cr\u00e9dito p\/ampliaci\u00f3n y mejoramiento de viviendas<\/strong><\/p>\n<p>*Ser propietario del terreno.<\/p>\n<p>*Cr\u00e9dito destinado para familias de escasos recursos, viviendas deficitarias, casos especiales por discapacidad y\/o enfermedades cr\u00f3nicas y familias numerosas.<\/p>\n<p>*Debe estar escriturado o figurar en inmuebles o Constancia Actualizada de Tierra y H\u00e1bitat.<\/p>\n<p>*Declaraci\u00f3n de Ingresos.<\/p>\n<p>*Fotocopia de Documentos de todos los integrantes del grupo familiar.<\/p>\n<p>*Fotocopia de escritura o c\u00e9dula parcelaria (en caso que posea).<\/p>\n<p>Deben presentar una nota por Mesa de Entrada dirigida a Despacho de Presidencia, especificando que es lo que desea construir y los motivos por el cual solicita el cr\u00e9dito.<\/p>\n<p>El monto de dicho cr\u00e9dito var\u00eda seg\u00fan las necesidades de cada\u00a0 caso, la devoluci\u00f3n del cr\u00e9dito se realizar\u00e1 en 200 cuotas. El destino del cr\u00e9dito es exclusivamente para materiales, no as\u00ed para mano de obra.<\/p>\n<p>Una vez presentada la nota se realizar\u00e1 el an\u00e1lisis social y t\u00e9cnico correspondiente a cada caso.<\/p>\n<p><strong>EL PROGRAMA EST\u00c1 DESTINADO A AQUELLOS GRUPOS FAMILIARES DE MUY ESCASOS RECURSOS CUYA CONDICI\u00d3N DE HABITABILIDAD SEA MUY PRECARIA Y QUE SE ENCUENTRE EN SITUACI\u00d3N DE VULNERABILIDAD SOCIAL. <\/strong><\/p>\n<p><strong>LOS CUPOS SON LIMITADOS.-<\/strong><\/p>\n<p><strong>\u00a0<\/strong><\/p>\n","protected":false},"excerpt":{"rendered":"<p>PROGRAMA VIVIENDA DIGNA Requisitos para solicitud de Cr\u00e9dito p\/ampliaci\u00f3n y mejoramiento de viviendas *Ser propietario del terreno. *Cr\u00e9dito destinado para familias de escasos recursos, viviendas deficitarias, casos especiales por discapacidad y\/o enfermedades cr\u00f3nicas y familias numerosas. *Debe estar escriturado o figurar en inmuebles o Constancia Actualizada de Tierra y H\u00e1bitat. *Declaraci\u00f3n de Ingresos. *Fotocopia de [&hellip;]<\/p>\n","protected":false},"author":3,"featured_media":0,"parent":0,"menu_order":0,"comment_status":"closed","ping_status":"closed","template":"","meta":{"footnotes":""},"_links":{"self":[{"href":"http:\/\/ipv.salta.gov.ar\/index.php?rest_route=\/wp\/v2\/pages\/6664"}],"collection":[{"href":"http:\/\/ipv.salta.gov.ar\/index.php?rest_route=\/wp\/v2\/pages"}],"about":[{"href":"http:\/\/ipv.salta.gov.ar\/index.php?rest_route=\/wp\/v2\/types\/page"}],"author":[{"embeddable":true,"href":"http:\/\/ipv.salta.gov.ar\/index.php?rest_route=\/wp\/v2\/users\/3"}],"replies":[{"embeddable":true,"href":"http:\/\/ipv.salta.gov.ar\/index.php?rest_route=%2Fwp%2Fv2%2Fcomments&post=6664"}],"version-history":[{"count":1,"href":"http:\/\/ipv.salta.gov.ar\/index.php?rest_route=\/wp\/v2\/pages\/6664\/revisions"}],"predecessor-version":[{"id":6665,"href":"http:\/\/ipv.salta.gov.ar\/index.php?rest_route=\/wp\/v2\/pages\/6664\/revisions\/6665"}],"wp:attachment":[{"href":"http:\/\/ipv.salta.gov.ar\/index.php?rest_route=%2Fwp%2Fv2%2Fmedia&parent=6664"}],"curies":[{"name":"wp","href":"https:\/\/api.w.org\/{rel}","templated":true}]}}