{"id":6694,"date":"2015-09-23T12:46:51","date_gmt":"2015-09-23T15:46:51","guid":{"rendered":"http:\/\/ipv.salta.gov.ar\/?page_id=6694"},"modified":"2025-04-28T13:06:01","modified_gmt":"2025-04-28T16:06:01","slug":"formas-de-pago","status":"publish","type":"page","link":"http:\/\/ipv.salta.gov.ar\/?page_id=6694","title":{"rendered":"FORMAS DE PAGO"},"content":{"rendered":"<p style=\"text-align: justify;\"><strong>FACTURA EDESA<\/strong><\/p>\n<p style=\"text-align: justify;\">Los adjudicatarios que deseen incorporar la cuota del IPV a la boleta de luz deber\u00e1n acercarse a las oficinas del \u00e1rea de Cobranzas y presentar DNI del titular y la \u00faltima factura de Edesa.<\/p>\n<p style=\"text-align: justify;\"><strong>D\u00c9BITO AUTOM\u00c1TICO &#8211; MULTIBANCO<\/strong><\/p>\n<p style=\"text-align: justify;\">El mismo permite que todas las personas que cobren su sueldo por cualquier banco accedan a este beneficio.<\/p>\n<p style=\"text-align: justify;\">Para acceder al sistema la persona debe dirigirse a las oficinas del Instituto Provincial de Vivienda, presentar constancia de CBU, DNI, estar al d\u00eda con el pago de las cuotas y llenar un formulario de adhesi\u00f3n en el \u00c1rea de Cobranzas.<\/p>\n<p style=\"text-align: justify;\">Algunos de los bancos con los que se puede realizar el d\u00e9bito son: Banco Macro, Banco Ita\u00fa, Banco Naci\u00f3n, Banco Santander R\u00edo, Banco Patagon\u00eda, Banco Galicia, Standard Banck, Banco Masventas, Banco Columbia, Banco Hipotecario, Banco Industrial, Banco Credicoop, Banco hsbc, Banco Santiago del Estero, Citibank, entre otros.<\/p>\n<p style=\"text-align: justify;\"><strong>BANCO MACRO<\/strong><\/p>\n<p style=\"text-align: justify;\">En \u00a0cualquier\u00a0<strong style=\"font-style: inherit;\">sucursal del banco Macro \u00a0<\/strong>de la Provincia o el Pa\u00eds, \u00a0por medio de la boleta impresa.<\/p>\n<p><strong>PAGO F\u00c1CIL<\/strong><\/p>\n<p>En cualquier <strong>Pago F\u00e1cil<\/strong> de la Provincia o el Pa\u00eds, por medio de la boleta impresa o captura de pantalla con el c\u00f3digo de barra legible.<\/p>\n<p><strong>RAPIPAGO<\/strong><\/p>\n<p>En cualquier <strong>Rapipago<\/strong> de la Provincia o el Pa\u00eds, por medio de la boleta impresa o captura de pantalla con el c\u00f3digo de barra legible.<\/p>\n<p style=\"text-align: justify;\"><strong>BANELCO:<\/strong><\/p>\n<p style=\"text-align: justify;\">Mediante el sistema de\u00a0<strong style=\"font-style: inherit;\">\u201cPAGOMISCUENTAS\u201d<\/strong>\u00a0con sus canales habilitados:<\/p>\n<p style=\"text-align: justify;\">\u2013 Accediendo a<strong>\u00a0<\/strong><a style=\"font-style: inherit; font-weight: inherit;\" href=\"http:\/\/www.pagomiscuentas.com\/\"><strong>www.pagomiscuentas.com<\/strong><\/a><strong>.<\/strong>\u00a0Cuando ingrese a la p\u00e1gina, siga los siguiente pasos:<\/p>\n<ol style=\"text-align: justify;\">\n<li>Haga click en la pesta\u00f1a superior que dice \u201cIngresa a pago mis cuentas\u201d<\/li>\n<li>Ingresa el banco del cual estas inscripto, tu n\u00famero de DNI y tu clave<\/li>\n<li>Busca el Rubro y la Empresa cuyo servicio o impuesto quer\u00e9s pagar y selecci\u00f3nala.<\/li>\n<li>Ingresa el n\u00famero de identificaci\u00f3n del servicio y el importe del pago. Selecciona la cuenta desde la cual quer\u00e9s debitar el importe.<\/li>\n<li>Para efectuar el pago, hace click en el bot\u00f3n \u201cPAGAR\u201d y luego confirma los datos con la opci\u00f3n \u201cACEPTAR\u201d<\/li>\n<\/ol>\n<p style=\"text-align: justify;\">\u2013 Por medio de HOME BANKING<\/p>\n<p style=\"text-align: justify;\">\u2013 Terminales de autoservicio<\/p>\n<p style=\"text-align: justify;\">\u2013 Desde el celular, usando BANELCO M\u00d3VIL<\/p>\n<p style=\"text-align: justify;\">\u2013 Canales de pago en efectivo<\/p>\n<p style=\"text-align: justify;\">\u2013 Red de Cajeros Banelco de bancos habilitados en la provincia de Salta como por ejemplo Banco Patagonia, Santander R\u00edo, Banco Franc\u00e9s, entre otros.<\/p>\n<p style=\"text-align: justify;\"><strong>\u00a0<\/strong><strong>CAJEROS AUTOM\u00c1TICOS DE LA RED BANELCO DE BANCO MACRO.<\/strong><\/p>\n<p style=\"text-align: justify;\">Para realizar esta operaci\u00f3n debe seguir los siguientes pasos (haga click sobre las imagenes):<\/p>\n<p style=\"text-align: justify;\">1. Ingrese su tarjeta BANELCO en el cajero autom\u00e1tico. Digite normalmente su clave para acceder a su cuenta.<\/p>\n<p style=\"text-align: justify;\">2. Seleccione la opci\u00f3n \u201cPAGO MIS CUENTAS\u201d<\/p>\n<p style=\"text-align: justify;\">3. Si en la primera lista no le aparece la opci\u00f3n \u201cIMPUESTOS PROVINCIALES\u201d, elija la \u201cOTRAS OPCIONES\u201d. Cuando aparezca, digite el n\u00famero que le aparece al costado. En el ejemplo aparece como N\u00ba14, entonces se digitar\u00e1 ese n\u00famero. Luego clique en \u201cSI ES CORRECTA\u201d<\/p>\n<p style=\"text-align: justify;\">4. En la siguiente ventana debe encontrar la opci\u00f3n \u201cIPV SALTA CUOTA\u201d. Cuando la encuentre digite el n\u00famero y ponga \u201cSI ES CORRECTA\u201d.<\/p>\n<p style=\"text-align: justify;\">5. Digite el N\u00daMERO DE CUENTA que se encuentra en su Boleta de Pago en la parte superior, donde dice \u201cCuenta N\u00ba\u201d, y haga click en \u201cSI ES CORRECTO\u201d<\/p>\n<p style=\"text-align: justify;\"><strong style=\"font-style: inherit;\">6. Por \u00faltimo, guarde el ticket de la operaci\u00f3n realizada como comprobante de pago.<\/strong><\/p>\n<\/p>\n<p><strong>IMPRESI\u00d3N DE BOLETA DESDE INTERNET<\/strong><\/p>\n<p>Para poder imprimir su boleta desde internet, debe seguir los siguientes pasos:Ingresas a la p\u00e1gina:&nbsp;<a rel=\"noreferrer noopener\" href=\"http:\/\/ipv.salta.gov.ar\/\" target=\"_blank\">http:\/\/ipv.salta.gov.ar\/<\/a>En la solapa&nbsp;<strong>SERVICIOS&nbsp;<\/strong>haga click en&nbsp;<strong>IMPRESI\u00d3N DE BOLETAS<\/strong>, donde se desplegara la posibilidad de Imprimir Boleta IPV o Imprimir Boleta EDESA.Si Usted desea imprimir la Boleta IPV, deber\u00e1 indicar su n\u00famero de cuenta IPV. Luego el sistema le mostrar\u00e1 las boletas disponibles para ser pagadas y la fecha en que realizar\u00e1 el pago, la que usted podr\u00e1 seleccionar.El pago podr\u00e1 efectuarse en cualquier sucursal del banco Macro de la Provincia o el Pa\u00eds, con la boleta impresa.<\/p>\n<p><strong>IMPORTANTE: <\/strong>Si se encuentra adherido al d\u00e9bito autom\u00e1tico o factura EDESA y por alguna raz\u00f3n su cuota no fue debitada, recuerde que puede abonar la misma por cualquiera de los medios detallados anteriormente. <\/p>\n","protected":false},"excerpt":{"rendered":"<p>FACTURA EDESA Los adjudicatarios que deseen incorporar la cuota del IPV a la boleta de luz deber\u00e1n acercarse a las oficinas del \u00e1rea de Cobranzas y presentar DNI del titular y la \u00faltima factura de Edesa. D\u00c9BITO AUTOM\u00c1TICO &#8211; MULTIBANCO El mismo permite que todas las personas que cobren su sueldo por cualquier banco accedan [&hellip;]<\/p>\n","protected":false},"author":3,"featured_media":0,"parent":0,"menu_order":0,"comment_status":"closed","ping_status":"closed","template":"","meta":{"footnotes":""},"_links":{"self":[{"href":"http:\/\/ipv.salta.gov.ar\/index.php?rest_route=\/wp\/v2\/pages\/6694"}],"collection":[{"href":"http:\/\/ipv.salta.gov.ar\/index.php?rest_route=\/wp\/v2\/pages"}],"about":[{"href":"http:\/\/ipv.salta.gov.ar\/index.php?rest_route=\/wp\/v2\/types\/page"}],"author":[{"embeddable":true,"href":"http:\/\/ipv.salta.gov.ar\/index.php?rest_route=\/wp\/v2\/users\/3"}],"replies":[{"embeddable":true,"href":"http:\/\/ipv.salta.gov.ar\/index.php?rest_route=%2Fwp%2Fv2%2Fcomments&post=6694"}],"version-history":[{"count":10,"href":"http:\/\/ipv.salta.gov.ar\/index.php?rest_route=\/wp\/v2\/pages\/6694\/revisions"}],"predecessor-version":[{"id":14791,"href":"http:\/\/ipv.salta.gov.ar\/index.php?rest_route=\/wp\/v2\/pages\/6694\/revisions\/14791"}],"wp:attachment":[{"href":"http:\/\/ipv.salta.gov.ar\/index.php?rest_route=%2Fwp%2Fv2%2Fmedia&parent=6694"}],"curies":[{"name":"wp","href":"https:\/\/api.w.org\/{rel}","templated":true}]}}