{"id":8323,"date":"2017-08-03T11:42:40","date_gmt":"2017-08-03T14:42:40","guid":{"rendered":"http:\/\/ipv.salta.gov.ar\/?page_id=8323"},"modified":"2026-03-05T09:04:38","modified_gmt":"2026-03-05T12:04:38","slug":"requisitos-escribania","status":"publish","type":"page","link":"http:\/\/ipv.salta.gov.ar\/?page_id=8323","title":{"rendered":"Requisitos Escriban\u00eda"},"content":{"rendered":"<p><span style=\"color: #ff0000;\"><strong><u>REQUISITOS PARA LEVANTAR HIPOTECA:<\/u><\/strong><\/span><\/p>\n<ul>\n<li><strong>FOTOCOPIA DEL CERTIFICACDO DE CANCELACI\u00d3N<\/strong><\/li>\n<li><strong>CONSTANCIA DE CUIL DE QUIENES CONSTITUYERON&nbsp;LA HIPOTECA<\/strong><\/li>\n<li><strong>Una vez que tenga su Certificado de Cancelaci\u00f3n, se le emitir\u00e1 un arancel .<\/strong><\/li>\n<\/ul>\n<p><span style=\"color: #ff0000;\"><strong><u>TR\u00c1MITE DE ESCRITURACI\u00d3N- REQUISITOS:<\/u><\/strong><\/span><\/p>\n<p><strong>PREVIO A TODO TRAMITE VERIFIQUE SI POSEE NUMERO DE CATASTRO DE SU VIVIENDA O DEPARTAMENTO, CON BOLETA DE LUZ<\/strong><\/p>\n<p><strong><u>Toda documentaci\u00f3n debe presentarse en original (con firma y\/o sello en original), y COPIA.<\/u><\/strong><\/p>\n<p><strong><u>UNA VEZ CORROBORADO SU NUMERO DE CATASTRO, UD. DEBE PRESENTAR ANTE ESTA ESCRIBANIA LA SIGUIENTE DOCUMENTACION:<\/u><\/strong><\/p>\n<ol type=\"1\">\n<li>ORIGINAL Y FOTOCOPIA DE: ACTA DE ENTREGA O TENENCIA PRECARIA (QUE SE ENCUENTRA EN SU CARPETA DE ADJUDICACION) Y RESOLUCI\u00d3N QUE HAGA A LA ADJUDICACION EXPEDIDA POR EL&nbsp;<strong><u>AREA DE GERENCIA SOCIAL<\/u><\/strong><\/li>\n<li>ORIGINAL Y FOTOCOPIA DE DOCUMENTOS DE IDENTIDAD DE LOS TITULARES DE LA ADJUDICACION (ULTIMA VERSION DE EL DNI)<\/li>\n<li>ORIGINAL Y FOTOCOPIA DE ACTA DE MATRIMONIO (NO MAS DE 6(SEIS) MESES DE ANTIG\u00dcEDAD)<\/li>\n<li>SI FUEREN DIVORCIADOS ORIGINAL Y FOTOCOPIA DE SENTENCIA DE DIVORCIO Y\/O ACTA DE MATRIMONIO SI EN EL MARGINAL ESTA INSCRIPTO EL DIVORCIO<\/li>\n<li>SI FUERE VIUDO\/A ACTA DE DEFUNCION Y RESOLUCION DE CAMBIO DE TITULARIDAD EN AREA SOCIAL<\/li>\n<li>CONSTANCIA DEL ANSES DE NUMERO DE CUIL DE TITULARES DE LA ADJUDICACION<\/li>\n<li>ORIGINAL Y FOTOCOPIA DE CERTIFICADO DE CANCELACION O ESTADO DE SALDO PARA ESCRITURAR EXPEDIDO POR&nbsp;<strong><u>EL DPTO.COBRANZAS<\/u><\/strong>. DEBE ABONAR ARANCEL.<\/li>\n<\/ol>\n<p><strong><u>PRESENTADA TODA LA DOCUMENTACI\u00d3N COMPLETA EN ESCRIBANIA:<\/u><\/strong><\/p>\n<ol>\n<li><strong>A)<\/strong> SE INDICARA LOS PASOS A SEGUIR.<\/li>\n<\/ol>\n<p><strong>GASTOS DE ESCRITRURACION<\/strong>. (LEY CONVENIO 4288 DIR GRAL INMUEBLES, A\u00d1O 2.019)(Seg\u00fan resoluci\u00f3n 1455 de fecha 22\/11\/2024)<\/p>\n<ol>\n<li>$ 50000 PARA ESCRITURAS DE COMPRAVENTA\/COMPRAVENTA E HIPOTECA\/ CANCELACION DE HIPOTECA\/ VENTA CON CONSTITUCION DE HIPOTECA<\/li>\n<li>COPIA AUTENTICADA DE PRIMER TESTIMONIO CON HIPOTECA CON EL IMPORTE  DE PESOS CINCO  MIL ($5000).<\/li>\n<\/ol>\n","protected":false},"excerpt":{"rendered":"<p>REQUISITOS PARA LEVANTAR HIPOTECA: TR\u00c1MITE DE ESCRITURACI\u00d3N- REQUISITOS: PREVIO A TODO TRAMITE VERIFIQUE SI POSEE NUMERO DE CATASTRO DE SU VIVIENDA O DEPARTAMENTO, CON BOLETA DE LUZ Toda documentaci\u00f3n debe presentarse en original (con firma y\/o sello en original), y COPIA. UNA VEZ CORROBORADO SU NUMERO DE CATASTRO, UD. DEBE PRESENTAR ANTE ESTA ESCRIBANIA LA [&hellip;]<\/p>\n","protected":false},"author":3,"featured_media":0,"parent":0,"menu_order":0,"comment_status":"closed","ping_status":"closed","template":"","meta":{"footnotes":""},"_links":{"self":[{"href":"http:\/\/ipv.salta.gov.ar\/index.php?rest_route=\/wp\/v2\/pages\/8323"}],"collection":[{"href":"http:\/\/ipv.salta.gov.ar\/index.php?rest_route=\/wp\/v2\/pages"}],"about":[{"href":"http:\/\/ipv.salta.gov.ar\/index.php?rest_route=\/wp\/v2\/types\/page"}],"author":[{"embeddable":true,"href":"http:\/\/ipv.salta.gov.ar\/index.php?rest_route=\/wp\/v2\/users\/3"}],"replies":[{"embeddable":true,"href":"http:\/\/ipv.salta.gov.ar\/index.php?rest_route=%2Fwp%2Fv2%2Fcomments&post=8323"}],"version-history":[{"count":31,"href":"http:\/\/ipv.salta.gov.ar\/index.php?rest_route=\/wp\/v2\/pages\/8323\/revisions"}],"predecessor-version":[{"id":15218,"href":"http:\/\/ipv.salta.gov.ar\/index.php?rest_route=\/wp\/v2\/pages\/8323\/revisions\/15218"}],"wp:attachment":[{"href":"http:\/\/ipv.salta.gov.ar\/index.php?rest_route=%2Fwp%2Fv2%2Fmedia&parent=8323"}],"curies":[{"name":"wp","href":"https:\/\/api.w.org\/{rel}","templated":true}]}}