{"id":8530,"date":"2017-10-10T11:22:53","date_gmt":"2017-10-10T14:22:53","guid":{"rendered":"http:\/\/ipv.salta.gov.ar\/?page_id=8530"},"modified":"2023-01-19T12:31:49","modified_gmt":"2023-01-19T15:31:49","slug":"actualizacion","status":"publish","type":"page","link":"http:\/\/ipv.salta.gov.ar\/?page_id=8530","title":{"rendered":"Actualizaci\u00f3n"},"content":{"rendered":"<p><strong>REQUISITOS DE ACTUALIZACI\u00d3N<\/strong><\/p>\n<ul>\n<li>Presentarse personalmente con los documentos de identidad (originales) del grupo familiar<\/li>\n<li>Ingresos econ\u00f3micos actualizados, original y fotocopia (no mas de dos meses de antig\u00fcedad)<\/li>\n<li>En caso de titulares con padre y\/o madre, deber\u00e1n concurrir con los mismos para firmar la actualizaci\u00f3n.<\/li>\n<li>Certificado de escolaridad a partir de los 4 a\u00f1os y hasta la finalizaci\u00f3n del nivel secundario<\/li>\n<li>Boleta de servicio del lugar de residencia donde se consigue N\u00ba de catastro<\/li>\n<\/ul>\n<p><strong>PARA INCORPORAR UN NUEVO INTEGRANTE <\/strong><\/p>\n<ul>\n<li>Documento de identidad (original) del nuevo integrante del grupo familiar<\/li>\n<li>Partida de nacimiento del nuevo integrante del grupo familiar (expedida por el registro civil)<\/li>\n<li>Certificado de residencia y convivencia\u00a0 expedido por la seccional de polic\u00eda, correspondiente al domicilio de residencia<\/li>\n<li>En caso de corresponder acta de matrimonio o uni\u00f3n convivencial<\/li>\n<\/ul>\n<p><strong>PARA CAMBIO DE DOMICILIO <\/strong><\/p>\n<ul>\n<li>Si alquila debe presentar contrato y ultimo recibo de pago de alquiler<\/li>\n<li>Certificado de residencia y convivencia\u00a0 expedido por la seccional de polic\u00eda, correspondiente al domicilio de residencia (Interior)<\/li>\n<\/ul>\n<p><strong>PARA ACTUALIZAR INGRESOS <\/strong><\/p>\n<ul>\n<li>Si es empleado\/a ultimo recibo de sueldo expedido por el empleador. Si tiene cobro quincenal los recibos de las \u00faltimas dos quincenas (original y copia)<\/li>\n<li>Recibo de cobro de salario expedido por Anses (original y copia)<\/li>\n<li>Si es independiente, declaraci\u00f3n jurada de ingresos ante agente del I.PV. y hasta $6.000.\n<div><\/div>\n<p>Monotributista: presentar constancia de inscripci\u00f3n en AFIP.<\/p>\n<div>Asignaci\u00f3n Universal\u00a0 (fotocopia tarjeta de cobro m\u00e1s comprobante emitido por cajero).<\/div>\n<\/li>\n<li>Si es jubilado y\/o pensionado: \u00faltimo recibo de haberes con lugar de cobro en el lugar donde se realiza la inscripci\u00f3n (original y copia).<\/li>\n<\/ul>\n<p><strong>PARA EXCLUIR UN INTEGRANTE DEL GRUPO FAMILIAR <\/strong><\/p>\n<ul>\n<li>Si es mayor de edad presentarse y expresar su conformidad<\/li>\n<li>En caso de defunci\u00f3n, el certificado extendido por el Registro Civil<\/li>\n<li>Si son casados, sentencia de divorcio vincular y renuncia\/cesi\u00f3n<\/li>\n<li>Separaci\u00f3n de Uni\u00f3n Convivencial deber\u00e1 presentar conformidad de manera personal. Cese uni\u00f3n convivencial (Registro Civil)<\/li>\n<\/ul>\n<p><strong>OTROS<\/strong><\/p>\n<ul>\n<li>En los casos que hay menores en el grupo familiar presentar acta acuerdo con homologaci\u00f3n judicial de cuidado personal indistinto a favor de quien mantenga la titularidad del legajo<\/li>\n<\/ul>\n<p><strong>IMPORTANTE<\/strong><\/p>\n<p>Si el postulante reside en Salta Capital, debe presentar original de toda la documentaci\u00f3n. Adem\u00e1s fotocopia de los ingresos econ\u00f3micos del grupo familiar.<\/p>\n<p>Si el postulante es del interior de la provincia de Salta debe adjuntar original y fotocopia simple de toda la documentaci\u00f3n.<\/p>\n","protected":false},"excerpt":{"rendered":"<p>REQUISITOS DE ACTUALIZACI\u00d3N Presentarse personalmente con los documentos de identidad (originales) del grupo familiar Ingresos econ\u00f3micos actualizados, original y fotocopia (no mas de dos meses de antig\u00fcedad) En caso de titulares con padre y\/o madre, deber\u00e1n concurrir con los mismos para firmar la actualizaci\u00f3n. Certificado de escolaridad a partir de los 4 a\u00f1os y hasta [&hellip;]<\/p>\n","protected":false},"author":3,"featured_media":0,"parent":0,"menu_order":0,"comment_status":"closed","ping_status":"closed","template":"","meta":{"footnotes":""},"_links":{"self":[{"href":"http:\/\/ipv.salta.gov.ar\/index.php?rest_route=\/wp\/v2\/pages\/8530"}],"collection":[{"href":"http:\/\/ipv.salta.gov.ar\/index.php?rest_route=\/wp\/v2\/pages"}],"about":[{"href":"http:\/\/ipv.salta.gov.ar\/index.php?rest_route=\/wp\/v2\/types\/page"}],"author":[{"embeddable":true,"href":"http:\/\/ipv.salta.gov.ar\/index.php?rest_route=\/wp\/v2\/users\/3"}],"replies":[{"embeddable":true,"href":"http:\/\/ipv.salta.gov.ar\/index.php?rest_route=%2Fwp%2Fv2%2Fcomments&post=8530"}],"version-history":[{"count":4,"href":"http:\/\/ipv.salta.gov.ar\/index.php?rest_route=\/wp\/v2\/pages\/8530\/revisions"}],"predecessor-version":[{"id":13256,"href":"http:\/\/ipv.salta.gov.ar\/index.php?rest_route=\/wp\/v2\/pages\/8530\/revisions\/13256"}],"wp:attachment":[{"href":"http:\/\/ipv.salta.gov.ar\/index.php?rest_route=%2Fwp%2Fv2%2Fmedia&parent=8530"}],"curies":[{"name":"wp","href":"https:\/\/api.w.org\/{rel}","templated":true}]}}